{"id":289,"date":"2023-08-29T00:04:25","date_gmt":"2023-08-28T22:04:25","guid":{"rendered":"http:\/\/larchedecampagne.fr\/?page_id=289"},"modified":"2023-09-25T15:29:08","modified_gmt":"2023-09-25T13:29:08","slug":"pause-gourmande","status":"publish","type":"page","link":"https:\/\/larchedecampagne.fr\/index.php\/pause-gourmande\/","title":{"rendered":"Restauration"},"content":{"rendered":"\t\t<div data-elementor-type=\"wp-page\" data-elementor-id=\"289\" class=\"elementor elementor-289\">\n\t\t\t\t<div class=\"elementor-element elementor-element-9ce7db3 e-flex e-con-boxed e-con e-parent\" data-id=\"9ce7db3\" data-element_type=\"container\" data-e-type=\"container\">\n\t\t\t\t\t<div class=\"e-con-inner\">\n\t\t\t\t<div class=\"elementor-element elementor-element-a24cfa6 elementor-widget elementor-widget-text-editor\" data-id=\"a24cfa6\" data-element_type=\"widget\" data-e-type=\"widget\" data-widget_type=\"text-editor.default\">\n\t\t\t\t<div class=\"elementor-widget-container\">\n\t\t\t\t\t\t\t\t\t<p>N&rsquo;h\u00e9sitez pas \u00e0 vous r\u00e9galer dans nos belles adresses \u00e0 proximit\u00e9 ou m\u00eame jusqu&rsquo;\u00e0 la cit\u00e9 Gastronomique de Dijon.<\/p>\t\t\t\t\t\t\t\t<\/div>\n\t\t\t\t<\/div>\n\t\t\t\t\t<\/div>\n\t\t\t\t<\/div>\n\t\t<div class=\"elementor-element elementor-element-f9ea9be e-flex e-con-boxed e-con e-parent\" data-id=\"f9ea9be\" data-element_type=\"container\" data-e-type=\"container\">\n\t\t\t\t\t<div class=\"e-con-inner\">\n\t\t\t\t<div class=\"elementor-element elementor-element-1c0e82e elementor-widget elementor-widget-heading\" data-id=\"1c0e82e\" data-element_type=\"widget\" data-e-type=\"widget\" data-widget_type=\"heading.default\">\n\t\t\t\t<div class=\"elementor-widget-container\">\n\t\t\t\t\t<h2 class=\"elementor-heading-title elementor-size-default\">Cit\u00e9 Gastronomique de Dijon <\/h2>\t\t\t\t<\/div>\n\t\t\t\t<\/div>\n\t\t\t\t<div class=\"elementor-element elementor-element-6aa50d9 elementor-widget elementor-widget-text-editor\" data-id=\"6aa50d9\" data-element_type=\"widget\" data-e-type=\"widget\" data-widget_type=\"text-editor.default\">\n\t\t\t\t<div class=\"elementor-widget-container\">\n\t\t\t\t\t\t\t\t\t<p>21000 Dijon\u00a0<\/p>\t\t\t\t\t\t\t\t<\/div>\n\t\t\t\t<\/div>\n\t\t\t\t<div class=\"elementor-element elementor-element-477adae elementor-align-center elementor-icon-list--layout-traditional elementor-list-item-link-full_width elementor-widget elementor-widget-icon-list\" data-id=\"477adae\" data-element_type=\"widget\" data-e-type=\"widget\" data-widget_type=\"icon-list.default\">\n\t\t\t\t<div class=\"elementor-widget-container\">\n\t\t\t\t\t\t\t<ul class=\"elementor-icon-list-items\">\n\t\t\t\t\t\t\t<li class=\"elementor-icon-list-item\">\n\t\t\t\t\t\t\t\t\t\t\t<span class=\"elementor-icon-list-icon\">\n\t\t\t\t\t\t\t<i aria-hidden=\"true\" class=\"fas fa-biking\"><\/i>\t\t\t\t\t\t<\/span>\n\t\t\t\t\t\t\t\t\t\t<span class=\"elementor-icon-list-text\">1h par la piste cyclable du canal de Bourgogne <\/span>\n\t\t\t\t\t\t\t\t\t<\/li>\n\t\t\t\t\t\t\t\t<li class=\"elementor-icon-list-item\">\n\t\t\t\t\t\t\t\t\t\t\t<span class=\"elementor-icon-list-icon\">\n\t\t\t\t\t\t\t<i aria-hidden=\"true\" class=\"fas fa-car-side\"><\/i>\t\t\t\t\t\t<\/span>\n\t\t\t\t\t\t\t\t\t\t<span class=\"elementor-icon-list-text\">20 min <\/span>\n\t\t\t\t\t\t\t\t\t<\/li>\n\t\t\t\t\t\t<\/ul>\n\t\t\t\t\t\t<\/div>\n\t\t\t\t<\/div>\n\t\t\t\t<div class=\"elementor-element elementor-element-f076ed9 elementor-align-center elementor-widget elementor-widget-button\" data-id=\"f076ed9\" data-element_type=\"widget\" data-e-type=\"widget\" data-widget_type=\"button.default\">\n\t\t\t\t<div class=\"elementor-widget-container\">\n\t\t\t\t\t\t\t\t\t<div class=\"elementor-button-wrapper\">\n\t\t\t\t\t<a class=\"elementor-button elementor-button-link elementor-size-sm\" href=\"https:\/\/www.citedelagastronomie-dijon.fr\/\" target=\"_blank\">\n\t\t\t\t\t\t<span class=\"elementor-button-content-wrapper\">\n\t\t\t\t\t\t\t\t\t<span class=\"elementor-button-text\">Cliquez ici<\/span>\n\t\t\t\t\t<\/span>\n\t\t\t\t\t<\/a>\n\t\t\t\t<\/div>\n\t\t\t\t\t\t\t\t<\/div>\n\t\t\t\t<\/div>\n\t\t\t\t\t<\/div>\n\t\t\t\t<\/div>\n\t\t<div class=\"elementor-element elementor-element-01c0b20 e-flex e-con-boxed e-con e-parent\" data-id=\"01c0b20\" data-element_type=\"container\" data-e-type=\"container\">\n\t\t\t\t\t<div class=\"e-con-inner\">\n\t\t<div class=\"elementor-element elementor-element-cb394fc e-con-full e-flex e-con e-child\" data-id=\"cb394fc\" data-element_type=\"container\" data-e-type=\"container\">\n\t\t\t\t<div class=\"elementor-element elementor-element-9b132bc elementor-widget elementor-widget-heading\" data-id=\"9b132bc\" data-element_type=\"widget\" data-e-type=\"widget\" data-widget_type=\"heading.default\">\n\t\t\t\t<div class=\"elementor-widget-container\">\n\t\t\t\t\t<h2 class=\"elementor-heading-title elementor-size-default\">Restaurant le 1131<\/h2>\t\t\t\t<\/div>\n\t\t\t\t<\/div>\n\t\t\t\t<div class=\"elementor-element elementor-element-4df798c elementor-widget elementor-widget-text-editor\" data-id=\"4df798c\" data-element_type=\"widget\" data-e-type=\"widget\" data-widget_type=\"text-editor.default\">\n\t\t\t\t<div class=\"elementor-widget-container\">\n\t\t\t\t\t\t\t\t\t<p>21360 La Bussi\u00e8re-sur-Ouche<\/p>\t\t\t\t\t\t\t\t<\/div>\n\t\t\t\t<\/div>\n\t\t\t\t<div class=\"elementor-element elementor-element-2ce1741 elementor-align-center elementor-widget elementor-widget-button\" data-id=\"2ce1741\" data-element_type=\"widget\" data-e-type=\"widget\" data-widget_type=\"button.default\">\n\t\t\t\t<div class=\"elementor-widget-container\">\n\t\t\t\t\t\t\t\t\t<div class=\"elementor-button-wrapper\">\n\t\t\t\t\t<a class=\"elementor-button elementor-button-link elementor-size-sm\" href=\"https:\/\/www.abbayedelabussiere.fr\/fr\/restaurant-1131.html\" target=\"_blank\">\n\t\t\t\t\t\t<span class=\"elementor-button-content-wrapper\">\n\t\t\t\t\t\t\t\t\t<span class=\"elementor-button-text\">Cliquez ici<\/span>\n\t\t\t\t\t<\/span>\n\t\t\t\t\t<\/a>\n\t\t\t\t<\/div>\n\t\t\t\t\t\t\t\t<\/div>\n\t\t\t\t<\/div>\n\t\t\t\t<\/div>\n\t\t<div class=\"elementor-element elementor-element-934d84b e-con-full e-flex e-con e-child\" data-id=\"934d84b\" data-element_type=\"container\" data-e-type=\"container\">\n\t\t\t\t<div class=\"elementor-element elementor-element-37b9317 elementor-widget elementor-widget-heading\" data-id=\"37b9317\" data-element_type=\"widget\" data-e-type=\"widget\" data-widget_type=\"heading.default\">\n\t\t\t\t<div class=\"elementor-widget-container\">\n\t\t\t\t\t<h2 class=\"elementor-heading-title elementor-size-default\">\u00f4 P'tit Repere du Go\u00fbt<\/h2>\t\t\t\t<\/div>\n\t\t\t\t<\/div>\n\t\t\t\t<div class=\"elementor-element elementor-element-fbc1eea elementor-widget elementor-widget-text-editor\" data-id=\"fbc1eea\" data-element_type=\"widget\" data-e-type=\"widget\" data-widget_type=\"text-editor.default\">\n\t\t\t\t<div class=\"elementor-widget-container\">\n\t\t\t\t\t\t\t\t\t<p>21410 Fleurey-sur-Ouche\u00a0<\/p>\t\t\t\t\t\t\t\t<\/div>\n\t\t\t\t<\/div>\n\t\t\t\t<div class=\"elementor-element elementor-element-deb358e elementor-align-center elementor-widget elementor-widget-button\" data-id=\"deb358e\" data-element_type=\"widget\" data-e-type=\"widget\" data-widget_type=\"button.default\">\n\t\t\t\t<div class=\"elementor-widget-container\">\n\t\t\t\t\t\t\t\t\t<div class=\"elementor-button-wrapper\">\n\t\t\t\t\t<a class=\"elementor-button elementor-button-link elementor-size-sm\" href=\"https:\/\/www.optitreperedugout.fr\/\" target=\"_blank\">\n\t\t\t\t\t\t<span class=\"elementor-button-content-wrapper\">\n\t\t\t\t\t\t\t\t\t<span class=\"elementor-button-text\">Cliquez ici<\/span>\n\t\t\t\t\t<\/span>\n\t\t\t\t\t<\/a>\n\t\t\t\t<\/div>\n\t\t\t\t\t\t\t\t<\/div>\n\t\t\t\t<\/div>\n\t\t\t\t<\/div>\n\t\t<div class=\"elementor-element elementor-element-371e74d e-con-full e-flex e-con e-child\" data-id=\"371e74d\" data-element_type=\"container\" data-e-type=\"container\">\n\t\t\t\t<div class=\"elementor-element elementor-element-45bed12 elementor-widget elementor-widget-heading\" data-id=\"45bed12\" data-element_type=\"widget\" data-e-type=\"widget\" data-widget_type=\"heading.default\">\n\t\t\t\t<div class=\"elementor-widget-container\">\n\t\t\t\t\t<h2 class=\"elementor-heading-title elementor-size-default\">A la Grasihade<\/h2>\t\t\t\t<\/div>\n\t\t\t\t<\/div>\n\t\t\t\t<div class=\"elementor-element elementor-element-536d97e elementor-widget elementor-widget-text-editor\" data-id=\"536d97e\" data-element_type=\"widget\" data-e-type=\"widget\" data-widget_type=\"text-editor.default\">\n\t\t\t\t<div class=\"elementor-widget-container\">\n\t\t\t\t\t\t\t\t\t<p>21410 Velars-sur-Ouche<\/p>\t\t\t\t\t\t\t\t<\/div>\n\t\t\t\t<\/div>\n\t\t\t\t<\/div>\n\t\t<div class=\"elementor-element elementor-element-29df4b3 e-con-full e-flex e-con e-child\" data-id=\"29df4b3\" data-element_type=\"container\" data-e-type=\"container\">\n\t\t\t\t<div class=\"elementor-element elementor-element-2ce03d8 elementor-widget elementor-widget-heading\" data-id=\"2ce03d8\" data-element_type=\"widget\" data-e-type=\"widget\" data-widget_type=\"heading.default\">\n\t\t\t\t<div class=\"elementor-widget-container\">\n\t\t\t\t\t<h2 class=\"elementor-heading-title elementor-size-default\">L'Auberge du Moulin Thibel<\/h2>\t\t\t\t<\/div>\n\t\t\t\t<\/div>\n\t\t\t\t<div class=\"elementor-element elementor-element-e92fa45 elementor-widget elementor-widget-text-editor\" data-id=\"e92fa45\" data-element_type=\"widget\" data-e-type=\"widget\" data-widget_type=\"text-editor.default\">\n\t\t\t\t<div class=\"elementor-widget-container\">\n\t\t\t\t\t\t\t\t\t<p>21410 Gissey-sur-Ouche\u00a0<\/p>\t\t\t\t\t\t\t\t<\/div>\n\t\t\t\t<\/div>\n\t\t\t\t<div class=\"elementor-element elementor-element-73102b4 elementor-align-center elementor-widget elementor-widget-button\" data-id=\"73102b4\" data-element_type=\"widget\" data-e-type=\"widget\" data-widget_type=\"button.default\">\n\t\t\t\t<div class=\"elementor-widget-container\">\n\t\t\t\t\t\t\t\t\t<div class=\"elementor-button-wrapper\">\n\t\t\t\t\t<a class=\"elementor-button elementor-button-link elementor-size-sm\" href=\"https:\/\/www.laubergedumoulinthibel.fr\/\" target=\"_blank\">\n\t\t\t\t\t\t<span class=\"elementor-button-content-wrapper\">\n\t\t\t\t\t\t\t\t\t<span class=\"elementor-button-text\">Cliquez ici<\/span>\n\t\t\t\t\t<\/span>\n\t\t\t\t\t<\/a>\n\t\t\t\t<\/div>\n\t\t\t\t\t\t\t\t<\/div>\n\t\t\t\t<\/div>\n\t\t\t\t<\/div>\n\t\t\t\t\t<\/div>\n\t\t\t\t<\/div>\n\t\t\t\t<\/div>\n\t\t","protected":false},"excerpt":{"rendered":"<p>N&rsquo;h\u00e9sitez pas \u00e0 vous r\u00e9galer dans nos belles adresses \u00e0 proximit\u00e9 ou m\u00eame jusqu&rsquo;\u00e0 la cit\u00e9 Gastronomique de Dijon. Cit\u00e9 Gastronomique de Dijon 21000 Dijon 1h par la piste cyclable du canal de Bourgogne 20 min Cliquez ici Restaurant le 1131 21360 La Bussi\u00e8re-sur-Ouche Cliquez ici \u00f4 P&rsquo;tit Repere du Go\u00fbt 21410 Fleurey-sur-Ouche Cliquez ici [&hellip;]<\/p>\n","protected":false},"author":1,"featured_media":0,"parent":0,"menu_order":0,"comment_status":"closed","ping_status":"closed","template":"","meta":{"footnotes":""},"class_list":["post-289","page","type-page","status-publish","hentry"],"blocksy_meta":"","yoast_head":"<!-- This site is optimized with the Yoast SEO plugin v27.5 - https:\/\/yoast.com\/product\/yoast-seo-wordpress\/ -->\n<title>Restauration - L&#039;Arche de Campagne<\/title>\n<meta name=\"description\" content=\"G\u00eete, logement, dans la Vall\u00e9e de l&#039;Ouche, aux portes de Dijon, proche de la cit\u00e9e Gastronomique, \u00e0 deux min de la piste cyclable du canal de Bourgogne,,r\u00e9servez rapidement\" \/>\n<meta name=\"robots\" content=\"index, follow, max-snippet:-1, max-image-preview:large, max-video-preview:-1\" \/>\n<link rel=\"canonical\" href=\"https:\/\/larchedecampagne.fr\/index.php\/pause-gourmande\/\" \/>\n<meta property=\"og:locale\" content=\"fr_FR\" \/>\n<meta property=\"og:type\" content=\"article\" \/>\n<meta property=\"og:title\" content=\"Restauration - L&#039;Arche de Campagne\" \/>\n<meta property=\"og:description\" content=\"G\u00eete, logement, dans la Vall\u00e9e de l&#039;Ouche, aux portes de Dijon, proche de la cit\u00e9e Gastronomique, \u00e0 deux min de la piste cyclable du canal de Bourgogne,,r\u00e9servez rapidement\" \/>\n<meta property=\"og:url\" content=\"https:\/\/larchedecampagne.fr\/index.php\/pause-gourmande\/\" \/>\n<meta property=\"og:site_name\" content=\"L&#039;Arche de Campagne\" \/>\n<meta property=\"article:modified_time\" content=\"2023-09-25T13:29:08+00:00\" \/>\n<meta name=\"twitter:card\" content=\"summary_large_image\" \/>\n<meta name=\"twitter:label1\" content=\"Dur\u00e9e de lecture estim\u00e9e\" \/>\n\t<meta name=\"twitter:data1\" content=\"1 minute\" \/>\n<script type=\"application\/ld+json\" class=\"yoast-schema-graph\">{\"@context\":\"https:\\\/\\\/schema.org\",\"@graph\":[{\"@type\":\"WebPage\",\"@id\":\"https:\\\/\\\/larchedecampagne.fr\\\/index.php\\\/pause-gourmande\\\/\",\"url\":\"https:\\\/\\\/larchedecampagne.fr\\\/index.php\\\/pause-gourmande\\\/\",\"name\":\"Restauration - L&#039;Arche de Campagne\",\"isPartOf\":{\"@id\":\"https:\\\/\\\/larchedecampagne.fr\\\/#website\"},\"datePublished\":\"2023-08-28T22:04:25+00:00\",\"dateModified\":\"2023-09-25T13:29:08+00:00\",\"description\":\"G\u00eete, logement, dans la Vall\u00e9e de l'Ouche, aux portes de Dijon, proche de la cit\u00e9e Gastronomique, \u00e0 deux min de la piste cyclable du canal de Bourgogne,,r\u00e9servez rapidement\",\"breadcrumb\":{\"@id\":\"https:\\\/\\\/larchedecampagne.fr\\\/index.php\\\/pause-gourmande\\\/#breadcrumb\"},\"inLanguage\":\"fr-FR\",\"potentialAction\":[{\"@type\":\"ReadAction\",\"target\":[\"https:\\\/\\\/larchedecampagne.fr\\\/index.php\\\/pause-gourmande\\\/\"]}]},{\"@type\":\"BreadcrumbList\",\"@id\":\"https:\\\/\\\/larchedecampagne.fr\\\/index.php\\\/pause-gourmande\\\/#breadcrumb\",\"itemListElement\":[{\"@type\":\"ListItem\",\"position\":1,\"name\":\"Accueil\",\"item\":\"https:\\\/\\\/larchedecampagne.fr\\\/\"},{\"@type\":\"ListItem\",\"position\":2,\"name\":\"Restauration\"}]},{\"@type\":\"WebSite\",\"@id\":\"https:\\\/\\\/larchedecampagne.fr\\\/#website\",\"url\":\"https:\\\/\\\/larchedecampagne.fr\\\/\",\"name\":\"L'Arche de Campagne\",\"description\":\"Un G\u00eete Aux Portes de Dijon\",\"publisher\":{\"@id\":\"https:\\\/\\\/larchedecampagne.fr\\\/#organization\"},\"potentialAction\":[{\"@type\":\"SearchAction\",\"target\":{\"@type\":\"EntryPoint\",\"urlTemplate\":\"https:\\\/\\\/larchedecampagne.fr\\\/?s={search_term_string}\"},\"query-input\":{\"@type\":\"PropertyValueSpecification\",\"valueRequired\":true,\"valueName\":\"search_term_string\"}}],\"inLanguage\":\"fr-FR\"},{\"@type\":\"Organization\",\"@id\":\"https:\\\/\\\/larchedecampagne.fr\\\/#organization\",\"name\":\"L'Arche de Campagne\",\"url\":\"https:\\\/\\\/larchedecampagne.fr\\\/\",\"logo\":{\"@type\":\"ImageObject\",\"inLanguage\":\"fr-FR\",\"@id\":\"https:\\\/\\\/larchedecampagne.fr\\\/#\\\/schema\\\/logo\\\/image\\\/\",\"url\":\"https:\\\/\\\/i0.wp.com\\\/larchedecampagne.fr\\\/wp-content\\\/uploads\\\/2023\\\/08\\\/cropped-cropped-LArche-de-Campagne-1.jpg?fit=412%2C257&ssl=1\",\"contentUrl\":\"https:\\\/\\\/i0.wp.com\\\/larchedecampagne.fr\\\/wp-content\\\/uploads\\\/2023\\\/08\\\/cropped-cropped-LArche-de-Campagne-1.jpg?fit=412%2C257&ssl=1\",\"width\":412,\"height\":257,\"caption\":\"L'Arche de Campagne\"},\"image\":{\"@id\":\"https:\\\/\\\/larchedecampagne.fr\\\/#\\\/schema\\\/logo\\\/image\\\/\"},\"sameAs\":[\"https:\\\/\\\/instagram.com\\\/l_arche_de_campagne?utm_source=qr&igshid=ZDc4ODBmNjlmNQ\"]}]}<\/script>\n<!-- \/ Yoast SEO plugin. -->","yoast_head_json":{"title":"Restauration - L&#039;Arche de Campagne","description":"G\u00eete, logement, dans la Vall\u00e9e de l'Ouche, aux portes de Dijon, proche de la cit\u00e9e Gastronomique, \u00e0 deux min de la piste cyclable du canal de Bourgogne,,r\u00e9servez rapidement","robots":{"index":"index","follow":"follow","max-snippet":"max-snippet:-1","max-image-preview":"max-image-preview:large","max-video-preview":"max-video-preview:-1"},"canonical":"https:\/\/larchedecampagne.fr\/index.php\/pause-gourmande\/","og_locale":"fr_FR","og_type":"article","og_title":"Restauration - L&#039;Arche de Campagne","og_description":"G\u00eete, logement, dans la Vall\u00e9e de l'Ouche, aux portes de Dijon, proche de la cit\u00e9e Gastronomique, \u00e0 deux min de la piste cyclable du canal de Bourgogne,,r\u00e9servez rapidement","og_url":"https:\/\/larchedecampagne.fr\/index.php\/pause-gourmande\/","og_site_name":"L&#039;Arche de Campagne","article_modified_time":"2023-09-25T13:29:08+00:00","twitter_card":"summary_large_image","twitter_misc":{"Dur\u00e9e de lecture estim\u00e9e":"1 minute"},"schema":{"@context":"https:\/\/schema.org","@graph":[{"@type":"WebPage","@id":"https:\/\/larchedecampagne.fr\/index.php\/pause-gourmande\/","url":"https:\/\/larchedecampagne.fr\/index.php\/pause-gourmande\/","name":"Restauration - L&#039;Arche de Campagne","isPartOf":{"@id":"https:\/\/larchedecampagne.fr\/#website"},"datePublished":"2023-08-28T22:04:25+00:00","dateModified":"2023-09-25T13:29:08+00:00","description":"G\u00eete, logement, dans la Vall\u00e9e de l'Ouche, aux portes de Dijon, proche de la cit\u00e9e Gastronomique, \u00e0 deux min de la piste cyclable du canal de Bourgogne,,r\u00e9servez rapidement","breadcrumb":{"@id":"https:\/\/larchedecampagne.fr\/index.php\/pause-gourmande\/#breadcrumb"},"inLanguage":"fr-FR","potentialAction":[{"@type":"ReadAction","target":["https:\/\/larchedecampagne.fr\/index.php\/pause-gourmande\/"]}]},{"@type":"BreadcrumbList","@id":"https:\/\/larchedecampagne.fr\/index.php\/pause-gourmande\/#breadcrumb","itemListElement":[{"@type":"ListItem","position":1,"name":"Accueil","item":"https:\/\/larchedecampagne.fr\/"},{"@type":"ListItem","position":2,"name":"Restauration"}]},{"@type":"WebSite","@id":"https:\/\/larchedecampagne.fr\/#website","url":"https:\/\/larchedecampagne.fr\/","name":"L'Arche de Campagne","description":"Un G\u00eete Aux Portes de Dijon","publisher":{"@id":"https:\/\/larchedecampagne.fr\/#organization"},"potentialAction":[{"@type":"SearchAction","target":{"@type":"EntryPoint","urlTemplate":"https:\/\/larchedecampagne.fr\/?s={search_term_string}"},"query-input":{"@type":"PropertyValueSpecification","valueRequired":true,"valueName":"search_term_string"}}],"inLanguage":"fr-FR"},{"@type":"Organization","@id":"https:\/\/larchedecampagne.fr\/#organization","name":"L'Arche de Campagne","url":"https:\/\/larchedecampagne.fr\/","logo":{"@type":"ImageObject","inLanguage":"fr-FR","@id":"https:\/\/larchedecampagne.fr\/#\/schema\/logo\/image\/","url":"https:\/\/i0.wp.com\/larchedecampagne.fr\/wp-content\/uploads\/2023\/08\/cropped-cropped-LArche-de-Campagne-1.jpg?fit=412%2C257&ssl=1","contentUrl":"https:\/\/i0.wp.com\/larchedecampagne.fr\/wp-content\/uploads\/2023\/08\/cropped-cropped-LArche-de-Campagne-1.jpg?fit=412%2C257&ssl=1","width":412,"height":257,"caption":"L'Arche de Campagne"},"image":{"@id":"https:\/\/larchedecampagne.fr\/#\/schema\/logo\/image\/"},"sameAs":["https:\/\/instagram.com\/l_arche_de_campagne?utm_source=qr&igshid=ZDc4ODBmNjlmNQ"]}]}},"jetpack_sharing_enabled":true,"_links":{"self":[{"href":"https:\/\/larchedecampagne.fr\/index.php\/wp-json\/wp\/v2\/pages\/289","targetHints":{"allow":["GET"]}}],"collection":[{"href":"https:\/\/larchedecampagne.fr\/index.php\/wp-json\/wp\/v2\/pages"}],"about":[{"href":"https:\/\/larchedecampagne.fr\/index.php\/wp-json\/wp\/v2\/types\/page"}],"author":[{"embeddable":true,"href":"https:\/\/larchedecampagne.fr\/index.php\/wp-json\/wp\/v2\/users\/1"}],"replies":[{"embeddable":true,"href":"https:\/\/larchedecampagne.fr\/index.php\/wp-json\/wp\/v2\/comments?post=289"}],"version-history":[{"count":30,"href":"https:\/\/larchedecampagne.fr\/index.php\/wp-json\/wp\/v2\/pages\/289\/revisions"}],"predecessor-version":[{"id":1002,"href":"https:\/\/larchedecampagne.fr\/index.php\/wp-json\/wp\/v2\/pages\/289\/revisions\/1002"}],"wp:attachment":[{"href":"https:\/\/larchedecampagne.fr\/index.php\/wp-json\/wp\/v2\/media?parent=289"}],"curies":[{"name":"wp","href":"https:\/\/api.w.org\/{rel}","templated":true}]}}