{"id":23,"date":"2023-05-09T16:30:41","date_gmt":"2023-05-09T14:30:41","guid":{"rendered":"http:\/\/larchedecampagne.fr\/?page_id=23"},"modified":"2023-09-24T22:22:59","modified_gmt":"2023-09-24T20:22:59","slug":"qui-sommes-nous","status":"publish","type":"page","link":"https:\/\/larchedecampagne.fr\/index.php\/qui-sommes-nous\/","title":{"rendered":"Qui sommes nous?"},"content":{"rendered":"\t\t<div data-elementor-type=\"wp-page\" data-elementor-id=\"23\" class=\"elementor elementor-23\">\n\t\t\t\t<div class=\"elementor-element elementor-element-6143e4c9 e-flex e-con-boxed e-con e-parent\" data-id=\"6143e4c9\" data-element_type=\"container\" data-e-type=\"container\">\n\t\t\t\t\t<div class=\"e-con-inner\">\n\t\t\t\t<div class=\"elementor-element elementor-element-7bec6c5 elementor-widget elementor-widget-heading\" data-id=\"7bec6c5\" data-element_type=\"widget\" data-e-type=\"widget\" data-widget_type=\"heading.default\">\n\t\t\t\t<div class=\"elementor-widget-container\">\n\t\t\t\t\t<h2 class=\"elementor-heading-title elementor-size-default\">Un peu de notre histoire\n<\/h2>\t\t\t\t<\/div>\n\t\t\t\t<\/div>\n\t\t\t\t<div class=\"elementor-element elementor-element-684fd781 elementor-widget elementor-widget-text-editor\" data-id=\"684fd781\" data-element_type=\"widget\" data-e-type=\"widget\" data-widget_type=\"text-editor.default\">\n\t\t\t\t<div class=\"elementor-widget-container\">\n\t\t\t\t\t\t\t\t\t<p>\u00a0<\/p><p style=\"text-align: center;\">Apolline et Adrien, nous avons trois enfants en bas \u00e2ge et encore plus d&rsquo;animaux, ce qui fait de notre maison un lieu plein de vie ! Apr\u00e8s avoir parcouru les magnifiques routes et paysages de France, notre passion pour l&rsquo;hospitalit\u00e9 et l&rsquo;aventure nous a pouss\u00e9 \u00e0 cr\u00e9er un havre de paix pour les voyageurs.\u00a0<\/p><p style=\"text-align: center;\">Nich\u00e9e au c\u0153ur du village, en bords de l&rsquo;Ouche, notre grange, soigneusement r\u00e9nov\u00e9e est d\u00e9sormais pr\u00eate \u00e0 vous accueillir. En effet, nous sommes une famille qui a fait le choix de transformer notre r\u00eave en r\u00e9alit\u00e9 car apr\u00e8s des ann\u00e9es de bivouacs, nous avons d\u00e9cid\u00e9s d&rsquo;ouvrir les portes de l&rsquo;Arche de Campagne pour partager avec vous notre amour de la nature, de la culture fran\u00e7aise et de l&rsquo;art de recevoir.\u00a0<\/p><p style=\"text-align: center;\">Notre g\u00eete est bien plus qu&rsquo;un simple lieu de s\u00e9jour. C&rsquo;est un endroit o\u00f9 vous pourrez vous ressourcer, d\u00e9couvrir les traditions locales et savourer la beaut\u00e9 des paysages. Que vous souhaitiez vous aventurer dans la campagne environnante, vous laisser s\u00e9duire par une promenade \u00e0 v\u00e9lo le long du canal de Bourgogne ou vous d\u00e9tendre sur un transat face aux animaux, notre g\u00eete est l&rsquo;endroit id\u00e9al pour une escapade m\u00e9morable.\u00a0<\/p><p style=\"text-align: center;\">Nous sommes impatients de vous accueillir \u00e0 l&rsquo;Arche de Campagne, o\u00f9 chaque d\u00e9tail \u00e0 \u00e9t\u00e9 pens\u00e9 pour vous \u00eatre agr\u00e9able. Venez partager des moments de convivialit\u00e9, de d\u00e9couverte et de bonne humeur dans notre coin de paradis.<\/p>\t\t\t\t\t\t\t\t<\/div>\n\t\t\t\t<\/div>\n\t\t\t\t\t<\/div>\n\t\t\t\t<\/div>\n\t\t<div class=\"elementor-element elementor-element-2784422 e-flex e-con-boxed e-con e-parent\" data-id=\"2784422\" data-element_type=\"container\" data-e-type=\"container\">\n\t\t\t\t\t<div class=\"e-con-inner\">\n\t\t\t\t\t<\/div>\n\t\t\t\t<\/div>\n\t\t\t\t<\/div>\n\t\t","protected":false},"excerpt":{"rendered":"<p>Un peu de notre histoire \u00a0 Apolline et Adrien, nous avons trois enfants en bas \u00e2ge et encore plus d&rsquo;animaux, ce qui fait de notre maison un lieu plein de vie ! Apr\u00e8s avoir parcouru les magnifiques routes et paysages de France, notre passion pour l&rsquo;hospitalit\u00e9 et l&rsquo;aventure nous a pouss\u00e9 \u00e0 cr\u00e9er un havre [&hellip;]<\/p>\n","protected":false},"author":1,"featured_media":0,"parent":0,"menu_order":0,"comment_status":"closed","ping_status":"closed","template":"","meta":{"footnotes":""},"class_list":["post-23","page","type-page","status-publish","hentry"],"blocksy_meta":"","yoast_head":"<!-- This site is optimized with the Yoast SEO plugin v27.4 - https:\/\/yoast.com\/product\/yoast-seo-wordpress\/ -->\n<title>Qui sommes nous? - L&#039;Arche de Campagne<\/title>\n<meta name=\"description\" content=\"G\u00eete, logement, dans la Vall\u00e9e de l&#039;Ouche, aux portes de Dijon, proche de la cit\u00e9e Gastronomique, \u00e0 deux min de la piste cyclable du canal de Bourgogne,,r\u00e9servez rapidement\" \/>\n<meta name=\"robots\" content=\"index, follow, max-snippet:-1, max-image-preview:large, max-video-preview:-1\" \/>\n<link rel=\"canonical\" href=\"https:\/\/larchedecampagne.fr\/index.php\/qui-sommes-nous\/\" \/>\n<meta property=\"og:locale\" content=\"fr_FR\" \/>\n<meta property=\"og:type\" content=\"article\" \/>\n<meta property=\"og:title\" content=\"Qui sommes nous? - L&#039;Arche de Campagne\" \/>\n<meta property=\"og:description\" content=\"G\u00eete, logement, dans la Vall\u00e9e de l&#039;Ouche, aux portes de Dijon, proche de la cit\u00e9e Gastronomique, \u00e0 deux min de la piste cyclable du canal de Bourgogne,,r\u00e9servez rapidement\" \/>\n<meta property=\"og:url\" content=\"https:\/\/larchedecampagne.fr\/index.php\/qui-sommes-nous\/\" \/>\n<meta property=\"og:site_name\" content=\"L&#039;Arche de Campagne\" \/>\n<meta property=\"article:modified_time\" content=\"2023-09-24T20:22:59+00:00\" \/>\n<meta name=\"twitter:card\" content=\"summary_large_image\" \/>\n<meta name=\"twitter:label1\" content=\"Dur\u00e9e de lecture estim\u00e9e\" \/>\n\t<meta name=\"twitter:data1\" content=\"2 minutes\" \/>\n<script type=\"application\/ld+json\" class=\"yoast-schema-graph\">{\"@context\":\"https:\\\/\\\/schema.org\",\"@graph\":[{\"@type\":\"WebPage\",\"@id\":\"https:\\\/\\\/larchedecampagne.fr\\\/index.php\\\/qui-sommes-nous\\\/\",\"url\":\"https:\\\/\\\/larchedecampagne.fr\\\/index.php\\\/qui-sommes-nous\\\/\",\"name\":\"Qui sommes nous? - L&#039;Arche de Campagne\",\"isPartOf\":{\"@id\":\"https:\\\/\\\/larchedecampagne.fr\\\/#website\"},\"datePublished\":\"2023-05-09T14:30:41+00:00\",\"dateModified\":\"2023-09-24T20:22:59+00:00\",\"description\":\"G\u00eete, logement, dans la Vall\u00e9e de l'Ouche, aux portes de Dijon, proche de la cit\u00e9e Gastronomique, \u00e0 deux min de la piste cyclable du canal de Bourgogne,,r\u00e9servez rapidement\",\"breadcrumb\":{\"@id\":\"https:\\\/\\\/larchedecampagne.fr\\\/index.php\\\/qui-sommes-nous\\\/#breadcrumb\"},\"inLanguage\":\"fr-FR\",\"potentialAction\":[{\"@type\":\"ReadAction\",\"target\":[\"https:\\\/\\\/larchedecampagne.fr\\\/index.php\\\/qui-sommes-nous\\\/\"]}]},{\"@type\":\"BreadcrumbList\",\"@id\":\"https:\\\/\\\/larchedecampagne.fr\\\/index.php\\\/qui-sommes-nous\\\/#breadcrumb\",\"itemListElement\":[{\"@type\":\"ListItem\",\"position\":1,\"name\":\"Accueil\",\"item\":\"https:\\\/\\\/larchedecampagne.fr\\\/\"},{\"@type\":\"ListItem\",\"position\":2,\"name\":\"Qui sommes nous?\"}]},{\"@type\":\"WebSite\",\"@id\":\"https:\\\/\\\/larchedecampagne.fr\\\/#website\",\"url\":\"https:\\\/\\\/larchedecampagne.fr\\\/\",\"name\":\"L'Arche de Campagne\",\"description\":\"Un G\u00eete Aux Portes de Dijon\",\"publisher\":{\"@id\":\"https:\\\/\\\/larchedecampagne.fr\\\/#organization\"},\"potentialAction\":[{\"@type\":\"SearchAction\",\"target\":{\"@type\":\"EntryPoint\",\"urlTemplate\":\"https:\\\/\\\/larchedecampagne.fr\\\/?s={search_term_string}\"},\"query-input\":{\"@type\":\"PropertyValueSpecification\",\"valueRequired\":true,\"valueName\":\"search_term_string\"}}],\"inLanguage\":\"fr-FR\"},{\"@type\":\"Organization\",\"@id\":\"https:\\\/\\\/larchedecampagne.fr\\\/#organization\",\"name\":\"L'Arche de Campagne\",\"url\":\"https:\\\/\\\/larchedecampagne.fr\\\/\",\"logo\":{\"@type\":\"ImageObject\",\"inLanguage\":\"fr-FR\",\"@id\":\"https:\\\/\\\/larchedecampagne.fr\\\/#\\\/schema\\\/logo\\\/image\\\/\",\"url\":\"https:\\\/\\\/i0.wp.com\\\/larchedecampagne.fr\\\/wp-content\\\/uploads\\\/2023\\\/08\\\/cropped-cropped-LArche-de-Campagne-1.jpg?fit=412%2C257&ssl=1\",\"contentUrl\":\"https:\\\/\\\/i0.wp.com\\\/larchedecampagne.fr\\\/wp-content\\\/uploads\\\/2023\\\/08\\\/cropped-cropped-LArche-de-Campagne-1.jpg?fit=412%2C257&ssl=1\",\"width\":412,\"height\":257,\"caption\":\"L'Arche de Campagne\"},\"image\":{\"@id\":\"https:\\\/\\\/larchedecampagne.fr\\\/#\\\/schema\\\/logo\\\/image\\\/\"},\"sameAs\":[\"https:\\\/\\\/instagram.com\\\/l_arche_de_campagne?utm_source=qr&igshid=ZDc4ODBmNjlmNQ\"]}]}<\/script>\n<!-- \/ Yoast SEO plugin. -->","yoast_head_json":{"title":"Qui sommes nous? - L&#039;Arche de Campagne","description":"G\u00eete, logement, dans la Vall\u00e9e de l'Ouche, aux portes de Dijon, proche de la cit\u00e9e Gastronomique, \u00e0 deux min de la piste cyclable du canal de Bourgogne,,r\u00e9servez rapidement","robots":{"index":"index","follow":"follow","max-snippet":"max-snippet:-1","max-image-preview":"max-image-preview:large","max-video-preview":"max-video-preview:-1"},"canonical":"https:\/\/larchedecampagne.fr\/index.php\/qui-sommes-nous\/","og_locale":"fr_FR","og_type":"article","og_title":"Qui sommes nous? - L&#039;Arche de Campagne","og_description":"G\u00eete, logement, dans la Vall\u00e9e de l'Ouche, aux portes de Dijon, proche de la cit\u00e9e Gastronomique, \u00e0 deux min de la piste cyclable du canal de Bourgogne,,r\u00e9servez rapidement","og_url":"https:\/\/larchedecampagne.fr\/index.php\/qui-sommes-nous\/","og_site_name":"L&#039;Arche de Campagne","article_modified_time":"2023-09-24T20:22:59+00:00","twitter_card":"summary_large_image","twitter_misc":{"Dur\u00e9e de lecture estim\u00e9e":"2 minutes"},"schema":{"@context":"https:\/\/schema.org","@graph":[{"@type":"WebPage","@id":"https:\/\/larchedecampagne.fr\/index.php\/qui-sommes-nous\/","url":"https:\/\/larchedecampagne.fr\/index.php\/qui-sommes-nous\/","name":"Qui sommes nous? - L&#039;Arche de Campagne","isPartOf":{"@id":"https:\/\/larchedecampagne.fr\/#website"},"datePublished":"2023-05-09T14:30:41+00:00","dateModified":"2023-09-24T20:22:59+00:00","description":"G\u00eete, logement, dans la Vall\u00e9e de l'Ouche, aux portes de Dijon, proche de la cit\u00e9e Gastronomique, \u00e0 deux min de la piste cyclable du canal de Bourgogne,,r\u00e9servez rapidement","breadcrumb":{"@id":"https:\/\/larchedecampagne.fr\/index.php\/qui-sommes-nous\/#breadcrumb"},"inLanguage":"fr-FR","potentialAction":[{"@type":"ReadAction","target":["https:\/\/larchedecampagne.fr\/index.php\/qui-sommes-nous\/"]}]},{"@type":"BreadcrumbList","@id":"https:\/\/larchedecampagne.fr\/index.php\/qui-sommes-nous\/#breadcrumb","itemListElement":[{"@type":"ListItem","position":1,"name":"Accueil","item":"https:\/\/larchedecampagne.fr\/"},{"@type":"ListItem","position":2,"name":"Qui sommes nous?"}]},{"@type":"WebSite","@id":"https:\/\/larchedecampagne.fr\/#website","url":"https:\/\/larchedecampagne.fr\/","name":"L'Arche de Campagne","description":"Un G\u00eete Aux Portes de Dijon","publisher":{"@id":"https:\/\/larchedecampagne.fr\/#organization"},"potentialAction":[{"@type":"SearchAction","target":{"@type":"EntryPoint","urlTemplate":"https:\/\/larchedecampagne.fr\/?s={search_term_string}"},"query-input":{"@type":"PropertyValueSpecification","valueRequired":true,"valueName":"search_term_string"}}],"inLanguage":"fr-FR"},{"@type":"Organization","@id":"https:\/\/larchedecampagne.fr\/#organization","name":"L'Arche de Campagne","url":"https:\/\/larchedecampagne.fr\/","logo":{"@type":"ImageObject","inLanguage":"fr-FR","@id":"https:\/\/larchedecampagne.fr\/#\/schema\/logo\/image\/","url":"https:\/\/i0.wp.com\/larchedecampagne.fr\/wp-content\/uploads\/2023\/08\/cropped-cropped-LArche-de-Campagne-1.jpg?fit=412%2C257&ssl=1","contentUrl":"https:\/\/i0.wp.com\/larchedecampagne.fr\/wp-content\/uploads\/2023\/08\/cropped-cropped-LArche-de-Campagne-1.jpg?fit=412%2C257&ssl=1","width":412,"height":257,"caption":"L'Arche de Campagne"},"image":{"@id":"https:\/\/larchedecampagne.fr\/#\/schema\/logo\/image\/"},"sameAs":["https:\/\/instagram.com\/l_arche_de_campagne?utm_source=qr&igshid=ZDc4ODBmNjlmNQ"]}]}},"jetpack_sharing_enabled":true,"_links":{"self":[{"href":"https:\/\/larchedecampagne.fr\/index.php\/wp-json\/wp\/v2\/pages\/23","targetHints":{"allow":["GET"]}}],"collection":[{"href":"https:\/\/larchedecampagne.fr\/index.php\/wp-json\/wp\/v2\/pages"}],"about":[{"href":"https:\/\/larchedecampagne.fr\/index.php\/wp-json\/wp\/v2\/types\/page"}],"author":[{"embeddable":true,"href":"https:\/\/larchedecampagne.fr\/index.php\/wp-json\/wp\/v2\/users\/1"}],"replies":[{"embeddable":true,"href":"https:\/\/larchedecampagne.fr\/index.php\/wp-json\/wp\/v2\/comments?post=23"}],"version-history":[{"count":34,"href":"https:\/\/larchedecampagne.fr\/index.php\/wp-json\/wp\/v2\/pages\/23\/revisions"}],"predecessor-version":[{"id":990,"href":"https:\/\/larchedecampagne.fr\/index.php\/wp-json\/wp\/v2\/pages\/23\/revisions\/990"}],"wp:attachment":[{"href":"https:\/\/larchedecampagne.fr\/index.php\/wp-json\/wp\/v2\/media?parent=23"}],"curies":[{"name":"wp","href":"https:\/\/api.w.org\/{rel}","templated":true}]}}